{"id":675,"date":"2025-06-04T13:03:10","date_gmt":"2025-06-04T13:03:10","guid":{"rendered":"https:\/\/movinet.cl\/web\/?page_id=675"},"modified":"2025-06-06T13:00:36","modified_gmt":"2025-06-06T13:00:36","slug":"controles-de-asistencia","status":"publish","type":"page","link":"https:\/\/movinet.cl\/web\/controles-de-asistencia\/","title":{"rendered":"Controles de Asistencia"},"content":{"rendered":"\n<div class=\"wp-block-cover alignfull\" style=\"padding-bottom:var(--wp--preset--spacing--50);padding-left:var(--wp--preset--spacing--60);min-height:800px;aspect-ratio:unset;\"><img loading=\"lazy\" decoding=\"async\" width=\"1280\" height=\"720\" class=\"wp-block-cover__image-background wp-image-49 size-full\" alt=\"\" src=\"https:\/\/movinet.cl\/web\/wp-content\/uploads\/2025\/05\/access-control-3-rotated.jpg\" style=\"object-position:70% 54%\" data-object-fit=\"cover\" data-object-position=\"70% 54%\" srcset=\"https:\/\/movinet.cl\/web\/wp-content\/uploads\/2025\/05\/access-control-3-rotated.jpg 1280w, https:\/\/movinet.cl\/web\/wp-content\/uploads\/2025\/05\/access-control-3-300x169.jpg 300w, https:\/\/movinet.cl\/web\/wp-content\/uploads\/2025\/05\/access-control-3-1024x576.jpg 1024w, https:\/\/movinet.cl\/web\/wp-content\/uploads\/2025\/05\/access-control-3-768x432.jpg 768w\" sizes=\"auto, (max-width: 1280px) 100vw, 1280px\" \/><span aria-hidden=\"true\" class=\"wp-block-cover__background has-neve-text-color-background-color has-background-dim-60 has-background-dim\"><\/span><div class=\"wp-block-cover__inner-container is-layout-flow wp-block-cover-is-layout-flow\">\n<h1 class=\"wp-block-heading alignfull has-nv-light-bg-color has-text-color\" style=\"padding-top:30px;padding-bottom:200px;font-size:70px;text-transform:none\">Control de<br>Asistencia<\/h1>\n\n\n\n<p class=\"has-nv-site-bg-color has-text-color has-link-color wp-elements-e7cc0ebebd9c2d9f63eb4b05b67180a1\" style=\"padding-top:var(--wp--preset--spacing--30);padding-bottom:var(--wp--preset--spacing--60);font-size:18px;letter-spacing:0.2px;text-transform:uppercase\"><strong>Optimice la gesti\u00f3n del personal<\/strong><br><strong>con un <\/strong><strong>sistema preciso y confiable de control de asistencia.<\/strong><\/p>\n\n\n\n<div class=\"wp-block-buttons is-layout-flex wp-block-buttons-is-layout-flex\" style=\"padding-bottom:var(--wp--preset--spacing--70)\">\n<div class=\"wp-block-button is-style-primary\"><a class=\"wp-block-button__link wp-element-button\" href=\"https:\/\/movinet.cl\/web\/?page_id=9\" style=\"border-radius:10px;padding-top:17px;padding-bottom:17px\">Contactenos!<\/a><\/div>\n<\/div>\n<\/div><\/div>\n\n\n\n<div class=\"wp-block-cover\" style=\"padding-top:var(--wp--preset--spacing--50)\"><span aria-hidden=\"true\" class=\"wp-block-cover__background has-nv-light-bg-background-color has-background-dim-100 has-background-dim\"><\/span><div class=\"wp-block-cover__inner-container is-layout-constrained wp-block-cover-is-layout-constrained\">\n<div class=\"wp-block-columns is-layout-flex wp-container-core-columns-is-layout-9d6595d7 wp-block-columns-is-layout-flex\" style=\"border-style:none;border-width:0px\">\n<div class=\"wp-block-column is-vertically-aligned-center has-border-color has-nv-light-bg-border-color is-layout-flow wp-block-column-is-layout-flow\" style=\"border-width:36px;padding-top:var(--wp--preset--spacing--20);font-size:16px;flex-basis:50%\">\n<div class=\"wp-block-group is-vertical is-content-justification-left is-layout-flex wp-container-core-group-is-layout-c0ca7d81 wp-block-group-is-layout-flex\">\n<h3 class=\"wp-block-heading has-text-align-center has-neve-text-color-color has-text-color has-link-color wp-elements-71976a8de2aba312211ba3503286f9de\" style=\"padding-bottom:var(--wp--preset--spacing--60)\">Optimice la gesti\u00f3n del tiempo con nuestro sistema inteligente de control de asistencia para empresa.<\/h3>\n\n\n\n<p class=\"has-neve-text-color-color has-text-color has-link-color;\">En el entorno empresarial actual, contar con un control de asistencia eficiente no solo es una necesidad operativa, sino tambi\u00e9n un componente clave para una gesti\u00f3n de personal efectiva.<br><br>Nuestro sistema de control de asistencia est\u00e1 dise\u00f1ado para brindar precisi\u00f3n, confiabilidad y facilidad de uso, permitiendo a su empresa optimizar el registro de entradas y salidas, reducir errores humanos y asegurar el cumplimiento normativo.<\/p>\n<\/div>\n<\/div>\n\n\n\n<div class=\"wp-block-column is-vertically-aligned-top is-layout-flow wp-block-column-is-layout-flow\"><div class=\"wp-block-image\">\n<figure class=\"aligncenter size-full is-resized\"><img loading=\"lazy\" decoding=\"async\" width=\"919\" height=\"608\" src=\"https:\/\/movinet.cl\/web\/wp-content\/uploads\/2025\/06\/access-control-5.png\" alt=\"\" class=\"wp-image-873\" style=\"object-fit:contain;width:600px;height:600px\" srcset=\"https:\/\/movinet.cl\/web\/wp-content\/uploads\/2025\/06\/access-control-5.png 919w, https:\/\/movinet.cl\/web\/wp-content\/uploads\/2025\/06\/access-control-5-300x198.png 300w, https:\/\/movinet.cl\/web\/wp-content\/uploads\/2025\/06\/access-control-5-768x508.png 768w\" sizes=\"auto, (max-width: 919px) 100vw, 919px\" \/><\/figure>\n<\/div><\/div>\n<\/div>\n<\/div><\/div>\n\n\n\n<div style=\"height:40px\" aria-hidden=\"true\" class=\"wp-block-spacer is-style-wide\"><\/div>\n\n\n\n<div class=\"wp-block-cover\"><span aria-hidden=\"true\" class=\"wp-block-cover__background has-nv-light-bg-background-color has-background-dim-100 has-background-dim\"><\/span><div class=\"wp-block-cover__inner-container is-layout-constrained wp-block-cover-is-layout-constrained\">\n<div class=\"wp-block-columns is-layout-flex wp-container-core-columns-is-layout-9d6595d7 wp-block-columns-is-layout-flex\">\n<div class=\"wp-block-column is-vertically-aligned-stretch is-layout-flow wp-block-column-is-layout-flow\" style=\"padding-left:0\"><div class=\"wp-block-image\">\n<figure class=\"aligncenter size-full is-resized\"><img loading=\"lazy\" decoding=\"async\" width=\"968\" height=\"628\" src=\"https:\/\/movinet.cl\/web\/wp-content\/uploads\/2025\/06\/access-control-7.png\" alt=\"\" class=\"wp-image-875\" style=\"object-fit:contain;width:600px;height:600px\" srcset=\"https:\/\/movinet.cl\/web\/wp-content\/uploads\/2025\/06\/access-control-7.png 968w, https:\/\/movinet.cl\/web\/wp-content\/uploads\/2025\/06\/access-control-7-300x195.png 300w, https:\/\/movinet.cl\/web\/wp-content\/uploads\/2025\/06\/access-control-7-768x498.png 768w\" sizes=\"auto, (max-width: 968px) 100vw, 968px\" \/><\/figure>\n<\/div><\/div>\n\n\n\n<div class=\"wp-block-column is-vertically-aligned-center has-border-color has-nv-light-bg-border-color is-layout-flow wp-block-column-is-layout-flow\" style=\"border-width:36px;padding-top:var(--wp--preset--spacing--20);font-size:16px;flex-basis:50%\">\n<div class=\"wp-block-group is-vertical is-layout-flex wp-container-core-group-is-layout-8cf370e7 wp-block-group-is-layout-flex\">\n<h3 class=\"wp-block-heading has-text-align-center has-neve-text-color-color has-text-color has-link-color wp-elements-bf62dd971196b212a7f30355e0105f80\" style=\"padding-bottom:var(--wp--preset--spacing--60)\">Mejore la eficiencia operativa de su empresa mediante un sistema avanzado de control de asistencia para gesti\u00f3n del personal.<\/h3>\n\n\n\n<p class=\"has-neve-text-color-color has-text-color has-link-color;\">Contar con un sistema preciso de control de asistencia es esencial para una gesti\u00f3n eficiente del personal. <br><br>Nuestra soluci\u00f3n ofrece confiabilidad, facilidad de uso y adaptaci\u00f3n a las necesidades de su empresa, ayud\u00e1ndole a optimizar procesos, reducir errores y cumplir con las normativas laborales.<br><br>Mejore el control interno y tome decisiones m\u00e1s informadas con una herramienta dise\u00f1ada para impulsar la productividad.<\/p>\n<\/div>\n<\/div>\n<\/div>\n<\/div><\/div>\n","protected":false},"excerpt":{"rendered":"","protected":false},"author":1,"featured_media":0,"parent":0,"menu_order":0,"comment_status":"closed","ping_status":"closed","template":"","meta":{"neve_meta_sidebar":"","neve_meta_container":"","neve_meta_enable_content_width":"","neve_meta_content_width":0,"neve_meta_title_alignment":"","neve_meta_author_avatar":"","neve_post_elements_order":"","neve_meta_disable_header":"","neve_meta_disable_footer":"","neve_meta_disable_title":"on","footnotes":""},"class_list":["post-675","page","type-page","status-publish","hentry"],"_links":{"self":[{"href":"https:\/\/movinet.cl\/web\/wp-json\/wp\/v2\/pages\/675","targetHints":{"allow":["GET"]}}],"collection":[{"href":"https:\/\/movinet.cl\/web\/wp-json\/wp\/v2\/pages"}],"about":[{"href":"https:\/\/movinet.cl\/web\/wp-json\/wp\/v2\/types\/page"}],"author":[{"embeddable":true,"href":"https:\/\/movinet.cl\/web\/wp-json\/wp\/v2\/users\/1"}],"replies":[{"embeddable":true,"href":"https:\/\/movinet.cl\/web\/wp-json\/wp\/v2\/comments?post=675"}],"version-history":[{"count":16,"href":"https:\/\/movinet.cl\/web\/wp-json\/wp\/v2\/pages\/675\/revisions"}],"predecessor-version":[{"id":881,"href":"https:\/\/movinet.cl\/web\/wp-json\/wp\/v2\/pages\/675\/revisions\/881"}],"wp:attachment":[{"href":"https:\/\/movinet.cl\/web\/wp-json\/wp\/v2\/media?parent=675"}],"curies":[{"name":"wp","href":"https:\/\/api.w.org\/{rel}","templated":true}]}}