{"id":673,"date":"2025-06-04T13:02:18","date_gmt":"2025-06-04T13:02:18","guid":{"rendered":"https:\/\/movinet.cl\/web\/?page_id=673"},"modified":"2025-06-04T19:47:48","modified_gmt":"2025-06-04T19:47:48","slug":"alarmas-de-incendio","status":"publish","type":"page","link":"https:\/\/movinet.cl\/web\/alarmas-de-incendio\/","title":{"rendered":"Alarmas de Incendio"},"content":{"rendered":"\n<div class=\"wp-block-cover alignfull is-light\" style=\"padding-bottom:var(--wp--preset--spacing--50);padding-left:var(--wp--preset--spacing--60);min-height:800px;aspect-ratio:unset;\"><img loading=\"lazy\" decoding=\"async\" width=\"1280\" height=\"853\" class=\"wp-block-cover__image-background wp-image-705 size-full\" alt=\"\" src=\"https:\/\/movinet.cl\/web\/wp-content\/uploads\/2025\/06\/incendio-1.jpg\" style=\"object-position:79% 66%\" data-object-fit=\"cover\" data-object-position=\"79% 66%\" srcset=\"https:\/\/movinet.cl\/web\/wp-content\/uploads\/2025\/06\/incendio-1.jpg 1280w, https:\/\/movinet.cl\/web\/wp-content\/uploads\/2025\/06\/incendio-1-300x200.jpg 300w, https:\/\/movinet.cl\/web\/wp-content\/uploads\/2025\/06\/incendio-1-1024x682.jpg 1024w, https:\/\/movinet.cl\/web\/wp-content\/uploads\/2025\/06\/incendio-1-768x512.jpg 768w, https:\/\/movinet.cl\/web\/wp-content\/uploads\/2025\/06\/incendio-1-930x620.jpg 930w\" sizes=\"auto, (max-width: 1280px) 100vw, 1280px\" \/><span aria-hidden=\"true\" class=\"wp-block-cover__background has-background-dim\" style=\"background-color:#e9d8d0\"><\/span><div class=\"wp-block-cover__inner-container is-layout-flow wp-block-cover-is-layout-flow\">\n<h1 class=\"wp-block-heading has-neve-text-color-color has-text-color\" style=\"padding-top:30px;padding-bottom:200px;font-size:70px;text-transform:none\">Alarmas de<br>Incendio<\/h1>\n\n\n\n<p class=\"has-neve-text-color-color has-text-color has-link-color wp-elements-231057fc61b92bffdc5f4f90b5eea451\" style=\"padding-top:var(--wp--preset--spacing--30);padding-bottom:var(--wp--preset--spacing--60);font-size:20px;letter-spacing:0.2px;text-transform:uppercase\">proteja su hogar o negocio<br>contra incendios con nuestro apoyo!<\/p>\n\n\n\n<div class=\"wp-block-buttons is-layout-flex wp-block-buttons-is-layout-flex\" style=\"padding-bottom:var(--wp--preset--spacing--70)\">\n<div class=\"wp-block-button is-style-primary\"><a class=\"wp-block-button__link wp-element-button\" href=\"https:\/\/movinet.cl\/web\/?page_id=9\" style=\"border-radius:10px;padding-top:17px;padding-bottom:17px\">Contactenos!<\/a><\/div>\n<\/div>\n<\/div><\/div>\n\n\n\n<div class=\"wp-block-cover\" style=\"padding-top:var(--wp--preset--spacing--50)\"><span aria-hidden=\"true\" class=\"wp-block-cover__background has-nv-light-bg-background-color has-background-dim-100 has-background-dim\"><\/span><div class=\"wp-block-cover__inner-container is-layout-constrained wp-block-cover-is-layout-constrained\">\n<div class=\"wp-block-columns is-layout-flex wp-container-core-columns-is-layout-9d6595d7 wp-block-columns-is-layout-flex\" style=\"border-style:none;border-width:0px\">\n<div class=\"wp-block-column is-vertically-aligned-center has-border-color has-nv-light-bg-border-color is-layout-flow wp-block-column-is-layout-flow\" style=\"border-width:36px;padding-top:var(--wp--preset--spacing--20);font-size:16px;flex-basis:50%\">\n<div class=\"wp-block-group is-vertical is-content-justification-left is-layout-flex wp-container-core-group-is-layout-c0ca7d81 wp-block-group-is-layout-flex\">\n<h3 class=\"wp-block-heading has-text-align-center has-neve-text-color-color has-text-color has-link-color wp-elements-2e39e998e57ebc3f32968eee3fc0eae2\" style=\"padding-bottom:var(--wp--preset--spacing--60)\">A trav\u00e9s de nuestro sistema, podr\u00e1 estar tranquilo ante los incidentes de incendios.<\/h3>\n\n\n\n<p class=\"has-neve-text-color-color has-text-color has-link-color;\">Nuestros sistemas de incendio con lo ultimo en tecnolog\u00eda le permitir\u00e1n proteger su hogar o negocio las 24 horas contra los incendios, permiti\u00e9ndole recibir avisos en tiempo real a su celular.<\/p>\n<\/div>\n<\/div>\n\n\n\n<div class=\"wp-block-column is-vertically-aligned-top is-layout-flow wp-block-column-is-layout-flow\"><div class=\"wp-block-image\">\n<figure class=\"aligncenter size-full\"><img loading=\"lazy\" decoding=\"async\" width=\"459\" height=\"459\" src=\"https:\/\/movinet.cl\/web\/wp-content\/uploads\/2025\/06\/incendio-6-edited.jpg\" alt=\"\" class=\"wp-image-785\" style=\"aspect-ratio:1;object-fit:contain\" srcset=\"https:\/\/movinet.cl\/web\/wp-content\/uploads\/2025\/06\/incendio-6-edited.jpg 459w, https:\/\/movinet.cl\/web\/wp-content\/uploads\/2025\/06\/incendio-6-edited-300x300.jpg 300w, https:\/\/movinet.cl\/web\/wp-content\/uploads\/2025\/06\/incendio-6-edited-150x150.jpg 150w\" sizes=\"auto, (max-width: 459px) 100vw, 459px\" \/><\/figure>\n<\/div><\/div>\n<\/div>\n<\/div><\/div>\n\n\n\n<div style=\"height:40px\" aria-hidden=\"true\" class=\"wp-block-spacer is-style-wide\"><\/div>\n\n\n\n<div class=\"wp-block-cover\"><span aria-hidden=\"true\" class=\"wp-block-cover__background has-nv-light-bg-background-color has-background-dim-100 has-background-dim\"><\/span><div class=\"wp-block-cover__inner-container is-layout-constrained wp-block-cover-is-layout-constrained\">\n<div class=\"wp-block-columns is-layout-flex wp-container-core-columns-is-layout-9d6595d7 wp-block-columns-is-layout-flex\">\n<div class=\"wp-block-column is-vertically-aligned-stretch is-layout-flow wp-block-column-is-layout-flow\" style=\"padding-left:0\"><div class=\"wp-block-image\">\n<figure class=\"aligncenter size-full is-resized\"><img loading=\"lazy\" decoding=\"async\" width=\"876\" height=\"700\" src=\"https:\/\/movinet.cl\/web\/wp-content\/uploads\/2025\/06\/incendio-5.jpg\" alt=\"\" class=\"wp-image-714\" style=\"object-fit:contain;width:500px;height:500px\" srcset=\"https:\/\/movinet.cl\/web\/wp-content\/uploads\/2025\/06\/incendio-5.jpg 876w, https:\/\/movinet.cl\/web\/wp-content\/uploads\/2025\/06\/incendio-5-300x240.jpg 300w, https:\/\/movinet.cl\/web\/wp-content\/uploads\/2025\/06\/incendio-5-768x614.jpg 768w\" sizes=\"auto, (max-width: 876px) 100vw, 876px\" \/><\/figure>\n<\/div><\/div>\n\n\n\n<div class=\"wp-block-column is-vertically-aligned-center has-border-color has-nv-light-bg-border-color is-layout-flow wp-block-column-is-layout-flow\" style=\"border-width:36px;padding-top:var(--wp--preset--spacing--20);font-size:16px;flex-basis:50%\">\n<div class=\"wp-block-group is-vertical is-layout-flex wp-container-core-group-is-layout-8cf370e7 wp-block-group-is-layout-flex\">\n<h3 class=\"wp-block-heading has-text-align-center has-neve-text-color-color has-text-color has-link-color wp-elements-7d8dfe104219f13f51dffb533da10db4\" style=\"padding-bottom:var(--wp--preset--spacing--60)\">Equipos de la mejor calidad, capaces de expandirse a mas y mejores opciones.<\/h3>\n\n\n\n<p class=\"has-neve-text-color-color has-text-color has-link-color;\">Ofrecemos centrales de incendio confiables, f\u00e1ciles de usar y adaptadas a las necesidades reales de cada instalaci\u00f3n, sin complicaciones ni costos ocultos. Sistemas anal\u00f3gicos o convencionales, con compatibilidad garantizada y soporte t\u00e9cnico incluido. Cumplen con la normativa, son f\u00e1ciles de mantener y est\u00e1n dise\u00f1ados para responder con eficacia en situaciones cr\u00edticas.<\/p>\n<\/div>\n<\/div>\n<\/div>\n<\/div><\/div>\n","protected":false},"excerpt":{"rendered":"","protected":false},"author":1,"featured_media":0,"parent":0,"menu_order":0,"comment_status":"closed","ping_status":"closed","template":"","meta":{"neve_meta_sidebar":"","neve_meta_container":"default","neve_meta_enable_content_width":"","neve_meta_content_width":0,"neve_meta_title_alignment":"","neve_meta_author_avatar":"","neve_post_elements_order":"","neve_meta_disable_header":"","neve_meta_disable_footer":"","neve_meta_disable_title":"on","footnotes":""},"class_list":["post-673","page","type-page","status-publish","hentry"],"_links":{"self":[{"href":"https:\/\/movinet.cl\/web\/wp-json\/wp\/v2\/pages\/673","targetHints":{"allow":["GET"]}}],"collection":[{"href":"https:\/\/movinet.cl\/web\/wp-json\/wp\/v2\/pages"}],"about":[{"href":"https:\/\/movinet.cl\/web\/wp-json\/wp\/v2\/types\/page"}],"author":[{"embeddable":true,"href":"https:\/\/movinet.cl\/web\/wp-json\/wp\/v2\/users\/1"}],"replies":[{"embeddable":true,"href":"https:\/\/movinet.cl\/web\/wp-json\/wp\/v2\/comments?post=673"}],"version-history":[{"count":75,"href":"https:\/\/movinet.cl\/web\/wp-json\/wp\/v2\/pages\/673\/revisions"}],"predecessor-version":[{"id":854,"href":"https:\/\/movinet.cl\/web\/wp-json\/wp\/v2\/pages\/673\/revisions\/854"}],"wp:attachment":[{"href":"https:\/\/movinet.cl\/web\/wp-json\/wp\/v2\/media?parent=673"}],"curies":[{"name":"wp","href":"https:\/\/api.w.org\/{rel}","templated":true}]}}