{"id":671,"date":"2025-06-04T13:01:23","date_gmt":"2025-06-04T13:01:23","guid":{"rendered":"https:\/\/movinet.cl\/web\/?page_id=671"},"modified":"2025-06-04T20:17:07","modified_gmt":"2025-06-04T20:17:07","slug":"control-de-acceso","status":"publish","type":"page","link":"https:\/\/movinet.cl\/web\/control-de-acceso\/","title":{"rendered":"Control de Acceso"},"content":{"rendered":"\n<div class=\"wp-block-cover alignfull\" style=\"padding-bottom:var(--wp--preset--spacing--50);padding-left:var(--wp--preset--spacing--60);min-height:800px;aspect-ratio:unset;\"><img loading=\"lazy\" decoding=\"async\" width=\"917\" height=\"605\" class=\"wp-block-cover__image-background wp-image-831 size-full\" alt=\"\" src=\"https:\/\/movinet.cl\/web\/wp-content\/uploads\/2025\/06\/access-control-6.png\" style=\"object-position:60% 72%\" data-object-fit=\"cover\" data-object-position=\"60% 72%\" srcset=\"https:\/\/movinet.cl\/web\/wp-content\/uploads\/2025\/06\/access-control-6.png 917w, https:\/\/movinet.cl\/web\/wp-content\/uploads\/2025\/06\/access-control-6-300x198.png 300w, https:\/\/movinet.cl\/web\/wp-content\/uploads\/2025\/06\/access-control-6-768x507.png 768w\" sizes=\"auto, (max-width: 917px) 100vw, 917px\" \/><span aria-hidden=\"true\" class=\"wp-block-cover__background has-neve-text-color-background-color has-background-dim-60 has-background-dim\"><\/span><div class=\"wp-block-cover__inner-container is-layout-flow wp-block-cover-is-layout-flow\">\n<h1 class=\"wp-block-heading alignfull has-nv-light-bg-color has-text-color\" style=\"padding-top:30px;padding-bottom:200px;font-size:70px;text-transform:capitalize\">Control <br>de acceso<\/h1>\n\n\n\n<p class=\"has-nv-site-bg-color has-text-color has-link-color wp-elements-8462b748c2154b85afcb4d2c0ba467ed\" style=\"padding-top:var(--wp--preset--spacing--30);padding-bottom:var(--wp--preset--spacing--60);font-size:18px;letter-spacing:0.2px\"><strong>MANTENGA LUGARES AISLADOS, PUERTAS CERRADAS <br>Y REGISTROS DE ZONAS IMPORTANTES EN SU HOGAR, NEGOCIO O EMPRESA.<\/strong><\/p>\n\n\n\n<div class=\"wp-block-buttons is-layout-flex wp-block-buttons-is-layout-flex\" style=\"padding-bottom:var(--wp--preset--spacing--70)\">\n<div class=\"wp-block-button is-style-primary\"><a class=\"wp-block-button__link wp-element-button\" href=\"https:\/\/movinet.cl\/web\/?page_id=9\" style=\"border-radius:10px;padding-top:17px;padding-bottom:17px\">Contactenos!<\/a><\/div>\n<\/div>\n<\/div><\/div>\n\n\n\n<div class=\"wp-block-cover\" style=\"padding-top:var(--wp--preset--spacing--50)\"><span aria-hidden=\"true\" class=\"wp-block-cover__background has-nv-light-bg-background-color has-background-dim-100 has-background-dim\"><\/span><div class=\"wp-block-cover__inner-container is-layout-constrained wp-block-cover-is-layout-constrained\">\n<div class=\"wp-block-columns is-layout-flex wp-container-core-columns-is-layout-9d6595d7 wp-block-columns-is-layout-flex\" style=\"border-style:none;border-width:0px\">\n<div class=\"wp-block-column is-vertically-aligned-center has-border-color has-nv-light-bg-border-color is-layout-flow wp-block-column-is-layout-flow\" style=\"border-width:36px;padding-top:var(--wp--preset--spacing--20);font-size:16px;flex-basis:50%\">\n<div class=\"wp-block-group is-vertical is-content-justification-left is-layout-flex wp-container-core-group-is-layout-c0ca7d81 wp-block-group-is-layout-flex\">\n<h3 class=\"wp-block-heading has-text-align-center has-neve-text-color-color has-text-color has-link-color wp-elements-bcca7c1f1bd480a9eff28e826cc95a66\" style=\"padding-bottom:var(--wp--preset--spacing--60)\">Con nuestros sistemas de control de acceso, usted decide qui\u00e9n entra. Seguridad inteligente, control total.<\/h3>\n\n\n\n<p class=\"has-neve-text-color-color has-text-color has-link-color;\">En un entorno donde la seguridad ya no puede dejarse al azar, nuestros sistemas de control de acceso le ofrecen una soluci\u00f3n moderna, eficiente y completamente adaptable a sus necesidades.<\/p>\n\n\n\n<p class=\"has-neve-text-color-color has-text-color has-link-color;\">Con esta tecnolog\u00eda, usted tiene el control absoluto sobre qui\u00e9n puede ingresar a cada \u00e1rea de sus instalaciones, ya se trate de un edificio corporativo, una residencia privada, un espacio industrial o una zona com\u00fan. Ya no se trata \u00fanicamente de restringir el paso, sino de gestionar los accesos con inteligencia y precisi\u00f3n.<\/p>\n<\/div>\n<\/div>\n\n\n\n<div class=\"wp-block-column is-vertically-aligned-top is-layout-flow wp-block-column-is-layout-flow\"><div class=\"wp-block-image\">\n<figure class=\"aligncenter size-full is-resized\"><img loading=\"lazy\" decoding=\"async\" width=\"918\" height=\"608\" src=\"https:\/\/movinet.cl\/web\/wp-content\/uploads\/2025\/06\/access-control-9-1.png\" alt=\"\" class=\"wp-image-836\" style=\"object-fit:contain;width:600px;height:600px\" srcset=\"https:\/\/movinet.cl\/web\/wp-content\/uploads\/2025\/06\/access-control-9-1.png 918w, https:\/\/movinet.cl\/web\/wp-content\/uploads\/2025\/06\/access-control-9-1-300x199.png 300w, https:\/\/movinet.cl\/web\/wp-content\/uploads\/2025\/06\/access-control-9-1-768x509.png 768w\" sizes=\"auto, (max-width: 918px) 100vw, 918px\" \/><\/figure>\n<\/div><\/div>\n<\/div>\n<\/div><\/div>\n\n\n\n<div style=\"height:40px\" aria-hidden=\"true\" class=\"wp-block-spacer is-style-wide\"><\/div>\n\n\n\n<div class=\"wp-block-cover\"><span aria-hidden=\"true\" class=\"wp-block-cover__background has-nv-light-bg-background-color has-background-dim-100 has-background-dim\"><\/span><div class=\"wp-block-cover__inner-container is-layout-constrained wp-block-cover-is-layout-constrained\">\n<div class=\"wp-block-columns is-layout-flex wp-container-core-columns-is-layout-9d6595d7 wp-block-columns-is-layout-flex\">\n<div class=\"wp-block-column is-vertically-aligned-stretch is-layout-flow wp-block-column-is-layout-flow\" style=\"padding-left:0\"><div class=\"wp-block-image\">\n<figure class=\"aligncenter size-full is-resized\"><img loading=\"lazy\" decoding=\"async\" width=\"927\" height=\"612\" src=\"https:\/\/movinet.cl\/web\/wp-content\/uploads\/2025\/06\/access-control-4.png\" alt=\"\" class=\"wp-image-856\" style=\"object-fit:contain;width:600px;height:600px\" srcset=\"https:\/\/movinet.cl\/web\/wp-content\/uploads\/2025\/06\/access-control-4.png 927w, https:\/\/movinet.cl\/web\/wp-content\/uploads\/2025\/06\/access-control-4-300x198.png 300w, https:\/\/movinet.cl\/web\/wp-content\/uploads\/2025\/06\/access-control-4-768x507.png 768w\" sizes=\"auto, (max-width: 927px) 100vw, 927px\" \/><\/figure>\n<\/div><\/div>\n\n\n\n<div class=\"wp-block-column is-vertically-aligned-center has-border-color has-nv-light-bg-border-color is-layout-flow wp-block-column-is-layout-flow\" style=\"border-width:36px;padding-top:var(--wp--preset--spacing--20);font-size:16px;flex-basis:50%\">\n<div class=\"wp-block-group is-vertical is-layout-flex wp-container-core-group-is-layout-8cf370e7 wp-block-group-is-layout-flex\">\n<h3 class=\"wp-block-heading has-text-align-center has-neve-text-color-color has-text-color has-link-color wp-elements-29a75f65c7426d81431582fc39872ead\" style=\"padding-bottom:var(--wp--preset--spacing--60)\">Gesti\u00f3n segura y eficiente de accesos para sus instalaciones. <br>Proteja sus zonas cr\u00edticas y d\u00e9 acceso solo a quien usted autorice.<\/h3>\n\n\n\n<p class=\"has-neve-text-color-color has-text-color has-link-color;\">En cualquier organizaci\u00f3n, el control de accesos no solo es una cuesti\u00f3n de seguridad, sino tambi\u00e9n de eficiencia operativa y protecci\u00f3n de activos. Nuestros sistemas est\u00e1n dise\u00f1ados para ofrecerle una gesti\u00f3n precisa, automatizada y segura del acceso a sus instalaciones, adapt\u00e1ndose a sus necesidades espec\u00edficas.<br><br>Nuestra soluci\u00f3n le proporciona las herramientas necesarias para que usted tenga el control total de sus espacios y garantice que cada acceso est\u00e9 alineado con sus pol\u00edticas internas de seguridad.<\/p>\n<\/div>\n<\/div>\n<\/div>\n<\/div><\/div>\n","protected":false},"excerpt":{"rendered":"","protected":false},"author":1,"featured_media":0,"parent":0,"menu_order":0,"comment_status":"closed","ping_status":"closed","template":"","meta":{"neve_meta_sidebar":"","neve_meta_container":"","neve_meta_enable_content_width":"","neve_meta_content_width":0,"neve_meta_title_alignment":"","neve_meta_author_avatar":"","neve_post_elements_order":"","neve_meta_disable_header":"","neve_meta_disable_footer":"","neve_meta_disable_title":"on","footnotes":""},"class_list":["post-671","page","type-page","status-publish","hentry"],"_links":{"self":[{"href":"https:\/\/movinet.cl\/web\/wp-json\/wp\/v2\/pages\/671","targetHints":{"allow":["GET"]}}],"collection":[{"href":"https:\/\/movinet.cl\/web\/wp-json\/wp\/v2\/pages"}],"about":[{"href":"https:\/\/movinet.cl\/web\/wp-json\/wp\/v2\/types\/page"}],"author":[{"embeddable":true,"href":"https:\/\/movinet.cl\/web\/wp-json\/wp\/v2\/users\/1"}],"replies":[{"embeddable":true,"href":"https:\/\/movinet.cl\/web\/wp-json\/wp\/v2\/comments?post=671"}],"version-history":[{"count":22,"href":"https:\/\/movinet.cl\/web\/wp-json\/wp\/v2\/pages\/671\/revisions"}],"predecessor-version":[{"id":860,"href":"https:\/\/movinet.cl\/web\/wp-json\/wp\/v2\/pages\/671\/revisions\/860"}],"wp:attachment":[{"href":"https:\/\/movinet.cl\/web\/wp-json\/wp\/v2\/media?parent=671"}],"curies":[{"name":"wp","href":"https:\/\/api.w.org\/{rel}","templated":true}]}}